{"id":1462,"date":"2024-09-18T16:27:02","date_gmt":"2024-09-18T16:27:02","guid":{"rendered":"https:\/\/carbonerapartners.net\/?page_id=1462"},"modified":"2026-03-11T11:28:33","modified_gmt":"2026-03-11T11:28:33","slug":"presentation-de-leffectif","status":"publish","type":"page","link":"https:\/\/carbonerapartners.net\/en\/presentation-de-leffectif\/","title":{"rendered":"Workforce overview"},"content":{"rendered":"<div data-elementor-type=\"wp-page\" data-elementor-id=\"1462\" class=\"elementor elementor-1462\">\n\t\t\t\t<div class=\"elementor-element elementor-element-893da36 e-flex e-con-boxed e-con e-parent\" data-id=\"893da36\" data-element_type=\"container\" data-e-type=\"container\">\n\t\t\t\t\t<div class=\"e-con-inner\">\n\t\t<div class=\"elementor-element elementor-element-6ca8932 e-con-full animated-slow e-flex elementor-invisible e-con e-child\" data-id=\"6ca8932\" data-element_type=\"container\" data-e-type=\"container\" data-settings=\"{&quot;animation&quot;:&quot;fadeInUp&quot;}\">\n\t\t\t\t<div class=\"elementor-element elementor-element-48966ec elementor-widget elementor-widget-image\" data-id=\"48966ec\" data-element_type=\"widget\" data-e-type=\"widget\" data-widget_type=\"image.default\">\n\t\t\t\t<div class=\"elementor-widget-container\">\n\t\t\t\t\t\t\t\t\t\t\t\t\t\t\t<img fetchpriority=\"high\" decoding=\"async\" width=\"500\" height=\"500\" src=\"https:\/\/carbonerapartners.net\/wp-content\/uploads\/2024\/09\/owner-carboera-1.jpg\" class=\"attachment-large size-large wp-image-1590\" alt=\"\" srcset=\"https:\/\/carbonerapartners.net\/wp-content\/uploads\/2024\/09\/owner-carboera-1.jpg 500w, https:\/\/carbonerapartners.net\/wp-content\/uploads\/2024\/09\/owner-carboera-1-300x300.jpg 300w, https:\/\/carbonerapartners.net\/wp-content\/uploads\/2024\/09\/owner-carboera-1-150x150.jpg 150w, https:\/\/carbonerapartners.net\/wp-content\/uploads\/2024\/09\/owner-carboera-1-12x12.jpg 12w\" sizes=\"(max-width: 500px) 100vw, 500px\" \/>\t\t\t\t\t\t\t\t\t\t\t\t\t\t\t<\/div>\n\t\t\t\t<\/div>\n\t\t\t\t<div class=\"elementor-element elementor-element-67720f8 elementor-widget elementor-widget-heading\" data-id=\"67720f8\" data-element_type=\"widget\" data-e-type=\"widget\" data-widget_type=\"heading.default\">\n\t\t\t\t<div class=\"elementor-widget-container\">\n\t\t\t\t\t<h2 class=\"elementor-heading-title elementor-size-default\">J\u00e9r\u00f4me Feliciaggi, Chairman<\/h2>\t\t\t\t<\/div>\n\t\t\t\t<\/div>\n\t\t\t\t<div class=\"elementor-element elementor-element-83b0e3f elementor-widget elementor-widget-text-editor\" data-id=\"83b0e3f\" data-element_type=\"widget\" data-e-type=\"widget\" data-widget_type=\"text-editor.default\">\n\t\t\t\t<div class=\"elementor-widget-container\">\n\t\t\t\t\t\t\t\t\t<p>A committed leader, J\u00e9r\u00f4me Feliciaggi began his career in the energy sector before turning to the promotion of ecology and carbon projects, with a particular focus on Africa. He is a key player in the field of ecology and sustainable development on the continent.<\/p>\t\t\t\t\t\t\t\t<\/div>\n\t\t\t\t<\/div>\n\t\t\t\t<\/div>\n\t\t\t\t\t<\/div>\n\t\t\t\t<\/div>\n\t\t\t\t<\/div>","protected":false},"excerpt":{"rendered":"<p>J\u00e9r\u00f4me Feliciaggi, Pr\u00e9sident Un leader engag\u00e9, J\u00e9r\u00f4me Feliciaggi a d\u00e9but\u00e9 sa carri\u00e8re dans le secteur de l&rsquo;\u00e9nergie avant de se tourner vers la promotion de l&rsquo;\u00e9cologie et les projets carbone, en se concentrant particuli\u00e8rement sur l&rsquo;Afrique. Il est un acteur cl\u00e9 dans le domaine de l&rsquo;\u00e9cologie et du d\u00e9veloppement durable sur le continent.<\/p>","protected":false},"author":1,"featured_media":0,"parent":0,"menu_order":0,"comment_status":"closed","ping_status":"closed","template":"","meta":{"footnotes":""},"class_list":["post-1462","page","type-page","status-publish","hentry"],"blocksy_meta":{"has_hero_section":"default","content_style_source":"inherit","vertical_spacing_source":"custom","content_area_spacing":"none","styles_descriptor":{"styles":{"desktop":"","tablet":"","mobile":""},"google_fonts":[],"version":6}},"_links":{"self":[{"href":"https:\/\/carbonerapartners.net\/en\/wp-json\/wp\/v2\/pages\/1462"}],"collection":[{"href":"https:\/\/carbonerapartners.net\/en\/wp-json\/wp\/v2\/pages"}],"about":[{"href":"https:\/\/carbonerapartners.net\/en\/wp-json\/wp\/v2\/types\/page"}],"author":[{"embeddable":true,"href":"https:\/\/carbonerapartners.net\/en\/wp-json\/wp\/v2\/users\/1"}],"replies":[{"embeddable":true,"href":"https:\/\/carbonerapartners.net\/en\/wp-json\/wp\/v2\/comments?post=1462"}],"version-history":[{"count":22,"href":"https:\/\/carbonerapartners.net\/en\/wp-json\/wp\/v2\/pages\/1462\/revisions"}],"predecessor-version":[{"id":1671,"href":"https:\/\/carbonerapartners.net\/en\/wp-json\/wp\/v2\/pages\/1462\/revisions\/1671"}],"wp:attachment":[{"href":"https:\/\/carbonerapartners.net\/en\/wp-json\/wp\/v2\/media?parent=1462"}],"curies":[{"name":"wp","href":"https:\/\/api.w.org\/{rel}","templated":true}]}}